{"id":21,"date":"2022-02-02T11:03:46","date_gmt":"2022-02-02T11:03:46","guid":{"rendered":"https:\/\/mighteefashion.com\/?page_id=21"},"modified":"2022-03-21T12:22:22","modified_gmt":"2022-03-21T12:22:22","slug":"about-us","status":"publish","type":"page","link":"https:\/\/www.mighteefashion.com\/tr\/about-us\/","title":{"rendered":"Bizim Hakk\u0131m\u0131zda"},"content":{"rendered":"<h3 id=\"mightee-fashion-moda-her-zaman-bir-trenddir-ve-tarziniz-sizin-adiniza-konusur\" style=\"text-align: center;\">Mightee Fashion &#8211; Moda her zaman bir trenddir ve tarz\u0131n\u0131z sizin ad\u0131n\u0131za konu\u015fur.<\/h3>\n<p><img loading=\"lazy\" decoding=\"async\" class=\"alignleft wp-image-390 size-full\" title=\"Mightee Fashion - Moda her zaman bir trenddir ve tarz\u0131n\u0131z sizin ad\u0131n\u0131za konu\u015fur.\" src=\"https:\/\/mighteefashion.com\/tr\/wp-content\/uploads\/2022\/03\/Mightee-Fashion-FAVICON.png\" alt=\"Mightee Fashion - Moda her zaman bir trenddir ve tarz\u0131n\u0131z sizin ad\u0131n\u0131za konu\u015fur.\" width=\"512\" height=\"512\" srcset=\"https:\/\/www.mighteefashion.com\/tr\/wp-content\/uploads\/2022\/03\/Mightee-Fashion-FAVICON.png 512w, https:\/\/www.mighteefashion.com\/tr\/wp-content\/uploads\/2022\/03\/Mightee-Fashion-FAVICON-60x60.png 60w, https:\/\/www.mighteefashion.com\/tr\/wp-content\/uploads\/2022\/03\/Mightee-Fashion-FAVICON-80x80.png 80w, https:\/\/www.mighteefashion.com\/tr\/wp-content\/uploads\/2022\/03\/Mightee-Fashion-FAVICON-120x120.png 120w, https:\/\/www.mighteefashion.com\/tr\/wp-content\/uploads\/2022\/03\/Mightee-Fashion-FAVICON-90x90.png 90w, https:\/\/www.mighteefashion.com\/tr\/wp-content\/uploads\/2022\/03\/Mightee-Fashion-FAVICON-320x320.png 320w\" sizes=\"auto, (max-width: 512px) 100vw, 512px\" \/><a href=\"https:\/\/mighteefashion.com\/\"><strong>MighteeFashion.com<\/strong><\/a>, moday\u0131 her zaman sat\u0131n alabilece\u011finize ve tarz\u0131n\u0131z\u0131n moda anlay\u0131\u015f\u0131n\u0131z\u0131 y\u00fckseltmeye devam eden oldu\u011funa inan\u0131yor. Erkek ve Kad\u0131n modas\u0131 hakk\u0131nda daha fazla bilgi edinmek isteyen bireyler i\u00e7in g\u00fcncel moda trendlerini payla\u015fmay\u0131 ama\u00e7l\u0131yoruz. En son moda ve al\u0131\u015fveri\u015f trendlerinden, Moda Giyim ve Aksesuar al\u0131\u015fveri\u015flerinde daha iyi f\u0131rsatlar elde etmek i\u00e7in daha iyi i\u00e7g\u00f6r\u00fcler ve fikirler vermeye odaklanaca\u011f\u0131z.<\/p>\n<p><a href=\"https:\/\/mighteefashion.com\/\"><strong>Mightee Fashion<\/strong><\/a>, her zaman istedikleri g\u00f6r\u00fcn\u00fcm\u00fc elde etmek i\u00e7in erkek ve kad\u0131n moda stilini nas\u0131l giydiklerine, stil ve aksesuarlara g\u00f6re \u00f6ne \u00e7\u0131kar\u0131r. Moda i\u00e7in mevcut \u00e7evrimi\u00e7i referanslar aras\u0131nda erkekler ve kad\u0131nlar i\u00e7in ki\u015fisel moda ya\u015fam tarz\u0131n\u0131 art\u0131rmay\u0131 ama\u00e7l\u0131yoruz. Ayr\u0131ca, harcayaca\u011f\u0131n\u0131z zaman ve paray\u0131 en \u00fcst d\u00fczeye \u00e7\u0131karmak i\u00e7in ne ve ne zaman al\u0131\u015fveri\u015f yapaca\u011f\u0131n\u0131za dair mant\u0131kl\u0131 bir rehber ve basit ipu\u00e7lar\u0131n\u0131 payla\u015faca\u011f\u0131z.<\/p>\n<p><a href=\"https:\/\/mighteefashion.com\/\"><strong><em>MighteeFashion.com<\/em><\/strong><\/a>, ki\u015fisel ya\u015fam tarz\u0131n\u0131 moda ile geli\u015ftirmenin, ya\u015f\u0131tlar\u0131 aras\u0131nda \u00f6ne \u00e7\u0131kmak isteyen t\u00fcm Erkekler ve Kad\u0131nlar i\u00e7in gerekli oldu\u011funun fark\u0131ndad\u0131r. Yararl\u0131 ve yapmas\u0131 kolay ipu\u00e7lar\u0131, <em><strong>k\u0131lavuzlar ve Giyim<\/strong><\/em>,<em><strong> Aksesuar<\/strong><\/em> ve <em><strong>al\u0131\u015fveri\u015f trendlerinde<\/strong><\/em> en <em><strong>son Moda Stili<\/strong><\/em> i\u00e7in blog makaleleri sunaca\u011f\u0131z.<\/p>\n","protected":false},"excerpt":{"rendered":"<p>Mightee Fashion &#8211; Moda her zaman bir trenddir ve tarz\u0131n\u0131z sizin ad\u0131n\u0131za konu\u015fur. MighteeFashion.com, moday\u0131 her zaman sat\u0131n alabilece\u011finize ve tarz\u0131n\u0131z\u0131n moda anlay\u0131\u015f\u0131n\u0131z\u0131 y\u00fckseltmeye devam eden oldu\u011funa inan\u0131yor. Erkek ve&hellip;<\/p>\n","protected":false},"author":1,"featured_media":0,"parent":0,"menu_order":0,"comment_status":"closed","ping_status":"closed","template":"","meta":{"footnotes":""},"class_list":["post-21","page","type-page","status-publish"],"_links":{"self":[{"href":"https:\/\/www.mighteefashion.com\/tr\/wp-json\/wp\/v2\/pages\/21","targetHints":{"allow":["GET"]}}],"collection":[{"href":"https:\/\/www.mighteefashion.com\/tr\/wp-json\/wp\/v2\/pages"}],"about":[{"href":"https:\/\/www.mighteefashion.com\/tr\/wp-json\/wp\/v2\/types\/page"}],"author":[{"embeddable":true,"href":"https:\/\/www.mighteefashion.com\/tr\/wp-json\/wp\/v2\/users\/1"}],"replies":[{"embeddable":true,"href":"https:\/\/www.mighteefashion.com\/tr\/wp-json\/wp\/v2\/comments?post=21"}],"version-history":[{"count":5,"href":"https:\/\/www.mighteefashion.com\/tr\/wp-json\/wp\/v2\/pages\/21\/revisions"}],"predecessor-version":[{"id":391,"href":"https:\/\/www.mighteefashion.com\/tr\/wp-json\/wp\/v2\/pages\/21\/revisions\/391"}],"wp:attachment":[{"href":"https:\/\/www.mighteefashion.com\/tr\/wp-json\/wp\/v2\/media?parent=21"}],"curies":[{"name":"wp","href":"https:\/\/api.w.org\/{rel}","templated":true}]}}