{"id":21,"date":"2022-02-02T11:03:46","date_gmt":"2022-02-02T11:03:46","guid":{"rendered":"https:\/\/mighteefashion.com\/?page_id=21"},"modified":"2022-03-21T12:38:33","modified_gmt":"2022-03-21T12:38:33","slug":"about-us","status":"publish","type":"page","link":"https:\/\/www.mighteefashion.com\/es\/about-us\/","title":{"rendered":"Sobre Nosotros"},"content":{"rendered":"<h3 id=\"mightee-fashion-la-moda-es-siempre-una-tendencia-y-tu-estilo-hablara-por-ti-mismo\" style=\"text-align: center;\">Mightee Fashion &#8211; La moda es siempre una tendencia y tu estilo hablar\u00e1 por ti mismo.<\/h3>\n<p><img loading=\"lazy\" decoding=\"async\" class=\"alignleft wp-image-386 size-full\" title=\"Mightee Fashion - La moda es siempre una tendencia y tu estilo hablar\u00e1 por ti mismo.\" src=\"https:\/\/mighteefashion.com\/es\/wp-content\/uploads\/2022\/03\/Mightee-Fashion-FAVICON.png\" alt=\"Mightee Fashion - La moda es siempre una tendencia y tu estilo hablar\u00e1 por ti mismo.\" width=\"512\" height=\"512\" srcset=\"https:\/\/www.mighteefashion.com\/es\/wp-content\/uploads\/2022\/03\/Mightee-Fashion-FAVICON.png 512w, https:\/\/www.mighteefashion.com\/es\/wp-content\/uploads\/2022\/03\/Mightee-Fashion-FAVICON-60x60.png 60w, https:\/\/www.mighteefashion.com\/es\/wp-content\/uploads\/2022\/03\/Mightee-Fashion-FAVICON-80x80.png 80w, https:\/\/www.mighteefashion.com\/es\/wp-content\/uploads\/2022\/03\/Mightee-Fashion-FAVICON-120x120.png 120w, https:\/\/www.mighteefashion.com\/es\/wp-content\/uploads\/2022\/03\/Mightee-Fashion-FAVICON-90x90.png 90w, https:\/\/www.mighteefashion.com\/es\/wp-content\/uploads\/2022\/03\/Mightee-Fashion-FAVICON-320x320.png 320w\" sizes=\"auto, (max-width: 512px) 100vw, 512px\" \/><a href=\"https:\/\/mighteefashion.com\/\"><strong>MighteeFashion.com<\/strong><\/a> cree que siempre puedes comprar moda y tu estilo es el que persiste para elevar tu sentido de la moda. Nuestro objetivo es compartir las tendencias actuales de la moda para las personas que est\u00e1n ansiosas por aprender m\u00e1s sobre la moda masculina y femenina. A partir de las \u00faltimas tendencias de moda y compras, nos centraremos en brindar mejores perspectivas e ideas para obtener mejores ofertas mientras compran ropa y accesorios de moda.<\/p>\n<p><a href=\"https:\/\/mighteefashion.com\/\"><strong>Mightee Fashion<\/strong><\/a> destaca el estilo de moda de hombres y mujeres de acuerdo con la forma en que se visten, se peinan y se complementan para lograr el aspecto que siempre quisieron. Nuestro objetivo es impulsar el estilo de vida de la moda personal para hombres y mujeres con algunas de las referencias disponibles en l\u00ednea para la moda. Tambi\u00e9n compartiremos una gu\u00eda sensata y consejos simples sobre qu\u00e9 y cu\u00e1ndo comprar para maximizar su tiempo y dinero para gastar.<\/p>\n<p><a href=\"https:\/\/mighteefashion.com\/\"><strong><em>MighteeFashion.com<\/em><\/strong><\/a> entiende que mejorar el estilo de vida personal con la moda es esencial tanto para todos los hombres como para las mujeres que desean sobresalir entre sus pares. Presentaremos art\u00edculos de blog con consejos \u00fatiles y f\u00e1ciles de hacer, gu\u00edas y el \u00faltimo <em>estilo de moda<\/em> <em><strong>en ropa<\/strong><\/em>, <em><strong>accesorios<\/strong><\/em> y <em><strong>tendencias de compras<\/strong><\/em>.<\/p>\n","protected":false},"excerpt":{"rendered":"<p>Mightee Fashion &#8211; La moda es siempre una tendencia y tu estilo hablar\u00e1 por ti mismo. MighteeFashion.com cree que siempre puedes comprar moda y tu estilo es el que persiste&hellip;<\/p>\n","protected":false},"author":1,"featured_media":0,"parent":0,"menu_order":0,"comment_status":"closed","ping_status":"closed","template":"","meta":{"footnotes":""},"class_list":["post-21","page","type-page","status-publish"],"_links":{"self":[{"href":"https:\/\/www.mighteefashion.com\/es\/wp-json\/wp\/v2\/pages\/21","targetHints":{"allow":["GET"]}}],"collection":[{"href":"https:\/\/www.mighteefashion.com\/es\/wp-json\/wp\/v2\/pages"}],"about":[{"href":"https:\/\/www.mighteefashion.com\/es\/wp-json\/wp\/v2\/types\/page"}],"author":[{"embeddable":true,"href":"https:\/\/www.mighteefashion.com\/es\/wp-json\/wp\/v2\/users\/1"}],"replies":[{"embeddable":true,"href":"https:\/\/www.mighteefashion.com\/es\/wp-json\/wp\/v2\/comments?post=21"}],"version-history":[{"count":4,"href":"https:\/\/www.mighteefashion.com\/es\/wp-json\/wp\/v2\/pages\/21\/revisions"}],"predecessor-version":[{"id":387,"href":"https:\/\/www.mighteefashion.com\/es\/wp-json\/wp\/v2\/pages\/21\/revisions\/387"}],"wp:attachment":[{"href":"https:\/\/www.mighteefashion.com\/es\/wp-json\/wp\/v2\/media?parent=21"}],"curies":[{"name":"wp","href":"https:\/\/api.w.org\/{rel}","templated":true}]}}