{"id":21,"date":"2022-02-02T11:03:46","date_gmt":"2022-02-02T11:03:46","guid":{"rendered":"https:\/\/mighteefashion.com\/?page_id=21"},"modified":"2022-03-21T11:37:24","modified_gmt":"2022-03-21T11:37:24","slug":"about-us","status":"publish","type":"page","link":"https:\/\/www.mighteefashion.com\/br\/about-us\/","title":{"rendered":"Sobre N\u00f3s"},"content":{"rendered":"<h3 id=\"mightee-fashion-a-moda-e-sempre-uma-tendencia-e-seu-estilo-fala-por-voce\" style=\"text-align: center;\">Mightee Fashion &#8211; A moda \u00e9 sempre uma tend\u00eancia e seu estilo fala por voc\u00ea.<\/h3>\n<p><img loading=\"lazy\" decoding=\"async\" class=\"alignleft wp-image-559 size-full\" title=\"Mightee Fashion - A moda \u00e9 sempre uma tend\u00eancia e seu estilo fala por voc\u00ea.\" src=\"https:\/\/mighteefashion.com\/br\/wp-content\/uploads\/2022\/03\/Mightee-Fashion-FAVICON.png\" alt=\"Mightee Fashion - A moda \u00e9 sempre uma tend\u00eancia e seu estilo fala por voc\u00ea.\" width=\"512\" height=\"512\" srcset=\"https:\/\/www.mighteefashion.com\/br\/wp-content\/uploads\/2022\/03\/Mightee-Fashion-FAVICON.png 512w, https:\/\/www.mighteefashion.com\/br\/wp-content\/uploads\/2022\/03\/Mightee-Fashion-FAVICON-60x60.png 60w, https:\/\/www.mighteefashion.com\/br\/wp-content\/uploads\/2022\/03\/Mightee-Fashion-FAVICON-80x80.png 80w, https:\/\/www.mighteefashion.com\/br\/wp-content\/uploads\/2022\/03\/Mightee-Fashion-FAVICON-120x120.png 120w, https:\/\/www.mighteefashion.com\/br\/wp-content\/uploads\/2022\/03\/Mightee-Fashion-FAVICON-90x90.png 90w, https:\/\/www.mighteefashion.com\/br\/wp-content\/uploads\/2022\/03\/Mightee-Fashion-FAVICON-320x320.png 320w\" sizes=\"auto, (max-width: 512px) 100vw, 512px\" \/><a href=\"https:\/\/mighteefashion.com\/\"><strong>MighteeFashion.com<\/strong><\/a> acredita que voc\u00ea sempre pode comprar moda e seu estilo \u00e9 aquele que persiste em elevar seu senso de moda. Nosso objetivo \u00e9 compartilhar as tend\u00eancias atuais da moda para pessoas que desejam aprender mais sobre moda masculina e feminina. Das \u00faltimas tend\u00eancias de moda e compras, nos concentraremos em fornecer melhores insights e ideias para obter melhores ofertas \u00e0 medida que compram roupas e acess\u00f3rios de moda.<\/p>\n<p>A <a href=\"https:\/\/mighteefashion.com\/\"><strong>Mightee Fashion<\/strong><\/a> destaca o estilo de moda masculina e feminina de acordo com a forma como se vestem, se estilizam e se complementam para alcan\u00e7ar os looks que sempre desejaram. Nosso objetivo \u00e9 impulsionar o estilo de vida de moda pessoal para homens e mulheres entre as refer\u00eancias on-line dispon\u00edveis para moda. Tamb\u00e9m compartilharemos um guia sensato e dicas simples sobre o que e quando comprar para maximizar seu tempo e dinheiro para gastar.<\/p>\n<p><a href=\"https:\/\/mighteefashion.com\/\"><strong>MighteeFashion.com<\/strong><\/a> entende que melhorar o estilo de vida pessoal com moda \u00e9 essencial para todos os homens e mulheres que querem se destacar entre seus pares. Apresentaremos artigos de blog para dicas \u00fateis e f\u00e1ceis de fazer, guias e o mais recente estilo de <em><strong>moda em roupas<\/strong><\/em>, <em><strong>acess\u00f3rios<\/strong><\/em> e <em><strong>tend\u00eancias de compras<\/strong><\/em>.<\/p>\n","protected":false},"excerpt":{"rendered":"<p>Mightee Fashion &#8211; A moda \u00e9 sempre uma tend\u00eancia e seu estilo fala por voc\u00ea. MighteeFashion.com acredita que voc\u00ea sempre pode comprar moda e seu estilo \u00e9 aquele que persiste&hellip;<\/p>\n","protected":false},"author":1,"featured_media":0,"parent":0,"menu_order":0,"comment_status":"closed","ping_status":"closed","template":"","meta":{"footnotes":""},"class_list":["post-21","page","type-page","status-publish"],"_links":{"self":[{"href":"https:\/\/www.mighteefashion.com\/br\/wp-json\/wp\/v2\/pages\/21","targetHints":{"allow":["GET"]}}],"collection":[{"href":"https:\/\/www.mighteefashion.com\/br\/wp-json\/wp\/v2\/pages"}],"about":[{"href":"https:\/\/www.mighteefashion.com\/br\/wp-json\/wp\/v2\/types\/page"}],"author":[{"embeddable":true,"href":"https:\/\/www.mighteefashion.com\/br\/wp-json\/wp\/v2\/users\/1"}],"replies":[{"embeddable":true,"href":"https:\/\/www.mighteefashion.com\/br\/wp-json\/wp\/v2\/comments?post=21"}],"version-history":[{"count":3,"href":"https:\/\/www.mighteefashion.com\/br\/wp-json\/wp\/v2\/pages\/21\/revisions"}],"predecessor-version":[{"id":560,"href":"https:\/\/www.mighteefashion.com\/br\/wp-json\/wp\/v2\/pages\/21\/revisions\/560"}],"wp:attachment":[{"href":"https:\/\/www.mighteefashion.com\/br\/wp-json\/wp\/v2\/media?parent=21"}],"curies":[{"name":"wp","href":"https:\/\/api.w.org\/{rel}","templated":true}]}}